{"id":3123,"date":"2023-12-13T16:37:52","date_gmt":"2023-12-13T15:37:52","guid":{"rendered":"https:\/\/la-logia.com\/contact\/"},"modified":"2026-04-15T14:27:10","modified_gmt":"2026-04-15T12:27:10","slug":"contact","status":"publish","type":"page","link":"https:\/\/la-logia.com\/en\/contact\/","title":{"rendered":"Contact"},"content":{"rendered":"\t\t<div data-elementor-type=\"wp-page\" data-elementor-id=\"3123\" class=\"elementor elementor-3123 elementor-10\">\n\t\t\t\t<div class=\"elementor-element elementor-element-2507d1b e-flex e-con-boxed wpr-particle-no wpr-jarallax-no wpr-parallax-no wpr-sticky-section-no wpr-equal-height-no e-con e-parent\" data-id=\"2507d1b\" data-element_type=\"container\" data-e-type=\"container\" data-settings=\"{&quot;background_background&quot;:&quot;classic&quot;,&quot;shape_divider_bottom&quot;:&quot;arrow&quot;}\">\n\t\t\t\t\t<div class=\"e-con-inner\">\n\t\t\t\t<div class=\"elementor-shape elementor-shape-bottom\" aria-hidden=\"true\" data-negative=\"false\">\n\t\t\t<svg xmlns=\"http:\/\/www.w3.org\/2000\/svg\" viewBox=\"0 0 700 10\" preserveAspectRatio=\"none\">\n\t<path class=\"elementor-shape-fill\" d=\"M350,10L340,0h20L350,10z\"\/>\n<\/svg>\t\t<\/div>\n\t\t<div class=\"elementor-element elementor-element-dcc6edc e-con-full e-flex wpr-particle-no wpr-jarallax-no wpr-parallax-no wpr-sticky-section-no wpr-equal-height-no e-con e-child\" data-id=\"dcc6edc\" data-element_type=\"container\" data-e-type=\"container\">\n\t\t\t\t<div class=\"elementor-element elementor-element-fc55340 elementor-invisible elementor-widget elementor-widget-heading\" data-id=\"fc55340\" data-element_type=\"widget\" data-e-type=\"widget\" data-settings=\"{&quot;_animation&quot;:&quot;fadeInUp&quot;}\" data-widget_type=\"heading.default\">\n\t\t\t\t<div class=\"elementor-widget-container\">\n\t\t\t\t\t<h2 class=\"elementor-heading-title elementor-size-default\">Contact Us<\/h2>\t\t\t\t<\/div>\n\t\t\t\t<\/div>\n\t\t\t\t<div class=\"elementor-element elementor-element-0f109a5 animated-slow elementor-widget-divider--view-line elementor-invisible elementor-widget elementor-widget-divider\" data-id=\"0f109a5\" data-element_type=\"widget\" data-e-type=\"widget\" data-settings=\"{&quot;_animation&quot;:&quot;fadeInUp&quot;,&quot;_animation_delay&quot;:1000}\" data-widget_type=\"divider.default\">\n\t\t\t\t<div class=\"elementor-widget-container\">\n\t\t\t\t\t\t\t<div class=\"elementor-divider\">\n\t\t\t<span class=\"elementor-divider-separator\">\n\t\t\t\t\t\t<\/span>\n\t\t<\/div>\n\t\t\t\t\t\t<\/div>\n\t\t\t\t<\/div>\n\t\t\t\t<\/div>\n\t\t\t\t\t<\/div>\n\t\t\t\t<\/div>\n\t\t<div class=\"elementor-element elementor-element-5cfa401 e-flex e-con-boxed wpr-particle-no wpr-jarallax-no wpr-parallax-no wpr-sticky-section-no wpr-equal-height-no e-con e-parent\" data-id=\"5cfa401\" data-element_type=\"container\" data-e-type=\"container\">\n\t\t\t\t\t<div class=\"e-con-inner\">\n\t\t\t\t<div class=\"elementor-element elementor-element-e3f105f elementor-widget elementor-widget-spacer\" data-id=\"e3f105f\" data-element_type=\"widget\" data-e-type=\"widget\" data-widget_type=\"spacer.default\">\n\t\t\t\t<div class=\"elementor-widget-container\">\n\t\t\t\t\t\t\t<div class=\"elementor-spacer\">\n\t\t\t<div class=\"elementor-spacer-inner\"><\/div>\n\t\t<\/div>\n\t\t\t\t\t\t<\/div>\n\t\t\t\t<\/div>\n\t\t\t\t\t<\/div>\n\t\t\t\t<\/div>\n\t\t<div class=\"elementor-element elementor-element-8f7c503 e-flex e-con-boxed wpr-particle-no wpr-jarallax-no wpr-parallax-no wpr-sticky-section-no wpr-equal-height-no e-con e-parent\" data-id=\"8f7c503\" data-element_type=\"container\" data-e-type=\"container\">\n\t\t\t\t\t<div class=\"e-con-inner\">\n\t\t\t\t<div class=\"elementor-element elementor-element-29836d3 elementor-widget elementor-widget-spacer\" data-id=\"29836d3\" data-element_type=\"widget\" data-e-type=\"widget\" data-widget_type=\"spacer.default\">\n\t\t\t\t<div class=\"elementor-widget-container\">\n\t\t\t\t\t\t\t<div class=\"elementor-spacer\">\n\t\t\t<div class=\"elementor-spacer-inner\"><\/div>\n\t\t<\/div>\n\t\t\t\t\t\t<\/div>\n\t\t\t\t<\/div>\n\t\t<div class=\"elementor-element elementor-element-52c49ec e-con-full animated-slow e-flex wpr-particle-no wpr-jarallax-no wpr-parallax-no wpr-sticky-section-no wpr-equal-height-no elementor-invisible e-con e-child\" data-id=\"52c49ec\" data-element_type=\"container\" data-e-type=\"container\" data-settings=\"{&quot;animation&quot;:&quot;fadeIn&quot;}\">\n\t\t\t\t<div class=\"elementor-element elementor-element-6edbbf4 elementor-widget elementor-widget-heading\" data-id=\"6edbbf4\" data-element_type=\"widget\" data-e-type=\"widget\" data-widget_type=\"heading.default\">\n\t\t\t\t<div class=\"elementor-widget-container\">\n\t\t\t\t\t<h2 class=\"elementor-heading-title elementor-size-default\">Please feel free to contact us<\/h2>\t\t\t\t<\/div>\n\t\t\t\t<\/div>\n\t\t\t\t<div class=\"elementor-element elementor-element-b28951b elementor-widget elementor-widget-text-editor\" data-id=\"b28951b\" data-element_type=\"widget\" data-e-type=\"widget\" data-widget_type=\"text-editor.default\">\n\t\t\t\t<div class=\"elementor-widget-container\">\n\t\t\t\t\t\t\t\t\t<p>By phone at +33 (0)6 15 99 59 32 or by completing the contact form below:<\/p>\t\t\t\t\t\t\t\t<\/div>\n\t\t\t\t<\/div>\n\t\t\t\t<div class=\"elementor-element elementor-element-83d0db8 wpr-step-type-number_text wpr-step-content-layout-vertical wpr-custom-styles-yes elementor-widget elementor-widget-wpr-form-builder\" data-id=\"83d0db8\" data-element_type=\"widget\" data-e-type=\"widget\" data-settings=\"{&quot;success_message&quot;:&quot;Message sent successfully!&quot;,&quot;error_message&quot;:&quot;Please fill in all fields!&quot;,&quot;button_width&quot;:{&quot;unit&quot;:&quot;%&quot;,&quot;size&quot;:100,&quot;sizes&quot;:[]},&quot;button_width_tablet&quot;:{&quot;unit&quot;:&quot;px&quot;,&quot;size&quot;:&quot;&quot;,&quot;sizes&quot;:[]},&quot;button_width_mobile&quot;:{&quot;unit&quot;:&quot;px&quot;,&quot;size&quot;:&quot;&quot;,&quot;sizes&quot;:[]},&quot;step_type&quot;:&quot;number_text&quot;,&quot;step_content_layout&quot;:&quot;vertical&quot;}\" data-widget_type=\"wpr-form-builder.default\">\n\t\t\t\t<div class=\"elementor-widget-container\">\n\t\t\t\t\t\t\t<form class=\"wpr-form\" method=\"post\" name=\"New Form\" page=\"Contact\" page_id=\"3123\" novalidate>\n\t\t\t<input type=\"hidden\" name=\"post_id\" value=\"3123\"\/>\n\t\t\t<input type=\"hidden\" name=\"form_id\" value=\"83d0db8\"\/>\n\t\t\t<input type=\"hidden\" name=\"referer_title\" value=\"\" \/>\n\n\t\t\t<div class=\"wpr-step-wrap\"><\/div>\n\t\t\t<div class=\"wpr-form-fields-wrap wpr-labels-above\">\n\t\t\t\t\t\t\t\t\t<div class=\"wpr-form-field-type-text wpr-field-group wpr-column wpr-field-group-name elementor-repeater-item-e6cdf22 wpr-form-field-required\">\n\t\t\t\t\t\t<input size=\"1 \"type=\"text\" name=\"form_fields[name]\" id=\"form-field-name\" class=\"wpr-form-field  wpr-form-field-textual\" placeholder=\"Name\" required=\"required\" aria-required=\"true\">\t\t\t\t\t<\/div>\n\t\t\t\t\t\t\t\t\t<div class=\"wpr-form-field-type-text wpr-field-group wpr-column wpr-field-group-a9715ee elementor-repeater-item-a9715ee wpr-form-field-required\">\n\t\t\t\t\t\t<input size=\"1 \"type=\"text\" name=\"form_fields[a9715ee]\" id=\"form-field-a9715ee\" class=\"wpr-form-field  wpr-form-field-textual\" placeholder=\"First Name\" required=\"required\" aria-required=\"true\">\t\t\t\t\t<\/div>\n\t\t\t\t\t\t\t\t\t<div class=\"wpr-form-field-type-email wpr-field-group wpr-column wpr-field-group-email elementor-repeater-item-215d8d0 wpr-form-field-required\">\n\t\t\t\t\t\t<input size=\"1 \"type=\"email\" name=\"form_fields[email]\" id=\"form-field-email\" class=\"wpr-form-field  wpr-form-field-textual\" placeholder=\"Email Address\" required=\"required\" aria-required=\"true\">\t\t\t\t\t<\/div>\n\t\t\t\t\t\t\t\t\t<div class=\"wpr-form-field-type-tel wpr-field-group wpr-column wpr-field-group-7bb97ed elementor-repeater-item-7bb97ed wpr-form-field-required\">\n\t\t\t\t\t\t<input size=\"1 \"type=\"tel\" name=\"form_fields[7bb97ed]\" id=\"form-field-7bb97ed\" class=\"wpr-form-field  wpr-form-field-textual\" placeholder=\"Phone Number\" required=\"required\" aria-required=\"true\">\t\t\t\t\t<\/div>\n\t\t\t\t\t\t\t\t\t<div class=\"wpr-form-field-type-select wpr-field-group wpr-column wpr-field-group-305840a elementor-repeater-item-305840a wpr-form-field-required\">\n\t\t\t\t\t\t\t\t\t\t\t\t\t\t<label for=\"form-field-305840a\" class=\"wpr-form-field-label\" data-alt-label=\"What is the purpose of your contact request?\">\n\t\t\t\t\t\t\t\t\tWhat is the purpose of your contact request?\t\t\t\t\t\t\t\t<\/label>\n\t\t\t\t\t\t\t\t\t<div class=\"wpr-form-field wpr-select-wrap wpr-fi-svg-no remove-before \">\n\n\t\t\t\n\t\t\t<select name=\"form_fields[305840a]\" id=\"form-field-305840a\" class=\"wpr-form-field-textual\" required=\"required\" aria-required=\"true\">\n\n\t\t\t\t\t\t\t\t\t<option value=\"R\u00e9server &quot;Le saule&quot;\">\n\t\t\t\t\tR\u00e9server &quot;Le saule&quot;\t\t\t\t\t<\/option>\n\t\t\t\t\t\t\t\t\t<option value=\"R\u00e9server &quot;Le peuplier&quot;\">\n\t\t\t\t\tR\u00e9server &quot;Le peuplier&quot;\t\t\t\t\t<\/option>\n\t\t\t\t\t\t\t\t\t<option value=\"R\u00e9server &quot;Le sapin&quot;\">\n\t\t\t\t\tR\u00e9server &quot;Le sapin&quot;\t\t\t\t\t<\/option>\n\t\t\t\t\t\t\t\t\t<option value=\"R\u00e9server  &quot;Le g\u00eete 20 personnes&quot;\">\n\t\t\t\t\tR\u00e9server  &quot;Le g\u00eete 20 personnes&quot;\t\t\t\t\t<\/option>\n\t\t\t\t\t\t\t\t\t<option value=\"Autre\">\n\t\t\t\t\tAutre\t\t\t\t\t<\/option>\n\t\t\t\t\t\t\t<\/select>\n\t\t<\/div>\n\t\t\t\t\t\t\t<\/div>\n\t\t\t\t\t\t\t\t\t<div class=\"wpr-form-field-type-textarea wpr-field-group wpr-column wpr-field-group-message elementor-repeater-item-369e97e\">\n\t\t\t\t\t\t<textarea class=\"wpr-form-field-textual wpr-form-field \" name=\"form_fields[message]\" id=\"form-field-message\" rows=\"7\" placeholder=\"Write your message...\"><\/textarea>\t\t\t\t\t<\/div>\n\t\t\t\t<div class=\"wpr-field-group wpr-stp-btns-wrap wpr-column wpr-form-field-type-submit\" data-actions=\"[&quot;email&quot;]\" data-redirect-url=\"\" data-mailchimp-fields=\"{&quot;email_field&quot;:&quot;&quot;,&quot;first_name_field&quot;:&quot;&quot;,&quot;last_name_field&quot;:&quot;&quot;,&quot;address_field&quot;:&quot;&quot;,&quot;phone_field&quot;:&quot;&quot;,&quot;birthday_field&quot;:&quot;&quot;,&quot;group_id&quot;:&quot;&quot;}\" data-list-id=\"\">\t\t\t<button type=\"submit\" class=\"wpr-button\">\n\t\t\t\t<span >\n\t\t\t\t\t\t\t\t\t\t\t\t\t\t\t\t<span>Send Message<\/span>\n\t\t\t\t\t\t\t\t\t\t\t\t\t\t<\/span>\t\n\t\t\t\t<div class=\"wpr-double-bounce wpr-loader-hidden\">\n\t\t\t\t\t<div class=\"wpr-child wpr-double-bounce1\"><\/div>\n\t\t\t\t\t<div class=\"wpr-child wpr-double-bounce2\"><\/div>\n\t\t\t\t<\/div>\n\t\t\t<\/button>\n\t\t<\/div>\t\t\t\t\n\t\t\t<\/div>\n\t\t<\/form>\n\t  \t\t\t\t<\/div>\n\t\t\t\t<\/div>\n\t\t\t\t<\/div>\n\t\t<div class=\"elementor-element elementor-element-b20f71c e-con-full e-flex wpr-particle-no wpr-jarallax-no wpr-parallax-no wpr-sticky-section-no wpr-equal-height-no e-con e-child\" data-id=\"b20f71c\" data-element_type=\"container\" data-e-type=\"container\">\n\t\t\t\t<div class=\"elementor-element elementor-element-c67b0ab elementor-widget elementor-widget-spacer\" data-id=\"c67b0ab\" data-element_type=\"widget\" data-e-type=\"widget\" data-widget_type=\"spacer.default\">\n\t\t\t\t<div class=\"elementor-widget-container\">\n\t\t\t\t\t\t\t<div class=\"elementor-spacer\">\n\t\t\t<div class=\"elementor-spacer-inner\"><\/div>\n\t\t<\/div>\n\t\t\t\t\t\t<\/div>\n\t\t\t\t<\/div>\n\t\t\t\t<div class=\"elementor-element elementor-element-3dbf7c4 animated-slow elementor-invisible elementor-widget elementor-widget-image\" data-id=\"3dbf7c4\" data-element_type=\"widget\" data-e-type=\"widget\" data-settings=\"{&quot;_animation&quot;:&quot;fadeInRight&quot;}\" data-widget_type=\"image.default\">\n\t\t\t\t<div class=\"elementor-widget-container\">\n\t\t\t\t\t\t\t\t\t\t\t\t\t\t\t<img fetchpriority=\"high\" decoding=\"async\" width=\"750\" height=\"1000\" src=\"https:\/\/la-logia.com\/wp-content\/uploads\/2026\/03\/20260312_164829-scaled-e1774534106245.jpg\" class=\"attachment-full size-full wp-image-3132\" alt=\"\" \/>\t\t\t\t\t\t\t\t\t\t\t\t\t\t\t<\/div>\n\t\t\t\t<\/div>\n\t\t\t\t<div class=\"elementor-element elementor-element-4fc554c elementor-widget elementor-widget-spacer\" data-id=\"4fc554c\" data-element_type=\"widget\" data-e-type=\"widget\" data-widget_type=\"spacer.default\">\n\t\t\t\t<div class=\"elementor-widget-container\">\n\t\t\t\t\t\t\t<div class=\"elementor-spacer\">\n\t\t\t<div class=\"elementor-spacer-inner\"><\/div>\n\t\t<\/div>\n\t\t\t\t\t\t<\/div>\n\t\t\t\t<\/div>\n\t\t\t\t<\/div>\n\t\t\t\t\t<\/div>\n\t\t\t\t<\/div>\n\t\t<div class=\"elementor-element elementor-element-742bef0 e-flex e-con-boxed wpr-particle-no wpr-jarallax-no wpr-parallax-no wpr-sticky-section-no wpr-equal-height-no e-con e-parent\" data-id=\"742bef0\" data-element_type=\"container\" data-e-type=\"container\">\n\t\t\t\t\t<div class=\"e-con-inner\">\n\t\t\t\t<div class=\"elementor-element elementor-element-6b488b2 elementor-widget elementor-widget-spacer\" data-id=\"6b488b2\" data-element_type=\"widget\" data-e-type=\"widget\" data-widget_type=\"spacer.default\">\n\t\t\t\t<div class=\"elementor-widget-container\">\n\t\t\t\t\t\t\t<div class=\"elementor-spacer\">\n\t\t\t<div class=\"elementor-spacer-inner\"><\/div>\n\t\t<\/div>\n\t\t\t\t\t\t<\/div>\n\t\t\t\t<\/div>\n\t\t\t\t\t<\/div>\n\t\t\t\t<\/div>\n\t\t\t\t<\/div>\n\t\t","protected":false},"excerpt":{"rendered":"<p>Contact Us Please feel free to contact us By phone at +33 (0)6 15 99 59 32 or by completing the contact form below: What is the purpose of your contact request? R\u00e9server &quot;Le saule&quot; R\u00e9server &quot;Le peuplier&quot; R\u00e9server &quot;Le sapin&quot; R\u00e9server &quot;Le g\u00eete 20 personnes&quot; Autre Send Message<\/p>\n","protected":false},"author":6,"featured_media":0,"parent":0,"menu_order":0,"comment_status":"closed","ping_status":"closed","template":"","meta":{"footnotes":""},"class_list":["post-3123","page","type-page","status-publish","hentry"],"yoast_head":"<!-- This site is optimized with the Yoast SEO plugin v27.5 - https:\/\/yoast.com\/product\/yoast-seo-wordpress\/ -->\n<title>La Logia | Rent a Cottage for a Stay in Champagne<\/title>\n<meta name=\"description\" content=\"Rent our cottages and discover the Champagne culture. Our spacious accommodations will satisfy all types of travelers.\" \/>\n<meta name=\"robots\" content=\"index, follow, max-snippet:-1, max-image-preview:large, max-video-preview:-1\" \/>\n<link rel=\"canonical\" href=\"https:\/\/la-logia.com\/en\/contact\/\" \/>\n<meta property=\"og:locale\" content=\"en_US\" \/>\n<meta property=\"og:type\" content=\"article\" \/>\n<meta property=\"og:title\" content=\"La Logia | Rent a Cottage for a Stay in Champagne\" \/>\n<meta property=\"og:description\" content=\"Rent our cottages and discover the Champagne culture. Our spacious accommodations will satisfy all types of travelers.\" \/>\n<meta property=\"og:url\" content=\"https:\/\/la-logia.com\/en\/contact\/\" \/>\n<meta property=\"article:modified_time\" content=\"2026-04-15T12:27:10+00:00\" \/>\n<meta property=\"og:image\" content=\"https:\/\/la-logia.com\/wp-content\/uploads\/2026\/03\/20260312_164829-scaled-e1774534106245.jpg\" \/>\n\t<meta property=\"og:image:width\" content=\"750\" \/>\n\t<meta property=\"og:image:height\" content=\"1000\" \/>\n\t<meta property=\"og:image:type\" content=\"image\/jpeg\" \/>\n<meta name=\"twitter:card\" content=\"summary_large_image\" \/>\n<script type=\"application\/ld+json\" class=\"yoast-schema-graph\">{\"@context\":\"https:\\\/\\\/schema.org\",\"@graph\":[{\"@type\":\"WebPage\",\"@id\":\"https:\\\/\\\/la-logia.com\\\/en\\\/contact\\\/\",\"url\":\"https:\\\/\\\/la-logia.com\\\/en\\\/contact\\\/\",\"name\":\"La Logia | Rent a Cottage for a Stay in Champagne\",\"isPartOf\":{\"@id\":\"https:\\\/\\\/la-logia.com\\\/en\\\/#website\"},\"primaryImageOfPage\":{\"@id\":\"https:\\\/\\\/la-logia.com\\\/en\\\/contact\\\/#primaryimage\"},\"image\":{\"@id\":\"https:\\\/\\\/la-logia.com\\\/en\\\/contact\\\/#primaryimage\"},\"thumbnailUrl\":\"https:\\\/\\\/la-logia.com\\\/wp-content\\\/uploads\\\/2026\\\/03\\\/20260312_164829-scaled-e1774534106245.jpg\",\"datePublished\":\"2023-12-13T15:37:52+00:00\",\"dateModified\":\"2026-04-15T12:27:10+00:00\",\"description\":\"Rent our cottages and discover the Champagne culture. Our spacious accommodations will satisfy all types of travelers.\",\"breadcrumb\":{\"@id\":\"https:\\\/\\\/la-logia.com\\\/en\\\/contact\\\/#breadcrumb\"},\"inLanguage\":\"en-US\",\"potentialAction\":[{\"@type\":\"ReadAction\",\"target\":[\"https:\\\/\\\/la-logia.com\\\/en\\\/contact\\\/\"]}]},{\"@type\":\"ImageObject\",\"inLanguage\":\"en-US\",\"@id\":\"https:\\\/\\\/la-logia.com\\\/en\\\/contact\\\/#primaryimage\",\"url\":\"https:\\\/\\\/la-logia.com\\\/wp-content\\\/uploads\\\/2026\\\/03\\\/20260312_164829-scaled-e1774534106245.jpg\",\"contentUrl\":\"https:\\\/\\\/la-logia.com\\\/wp-content\\\/uploads\\\/2026\\\/03\\\/20260312_164829-scaled-e1774534106245.jpg\"},{\"@type\":\"BreadcrumbList\",\"@id\":\"https:\\\/\\\/la-logia.com\\\/en\\\/contact\\\/#breadcrumb\",\"itemListElement\":[{\"@type\":\"ListItem\",\"position\":1,\"name\":\"Accueil\",\"item\":\"https:\\\/\\\/la-logia.com\\\/en\\\/home\\\/\"},{\"@type\":\"ListItem\",\"position\":2,\"name\":\"Contact\"}]},{\"@type\":\"WebSite\",\"@id\":\"https:\\\/\\\/la-logia.com\\\/en\\\/#website\",\"url\":\"https:\\\/\\\/la-logia.com\\\/en\\\/\",\"name\":\"La Logia\",\"description\":\"\",\"publisher\":{\"@id\":\"https:\\\/\\\/la-logia.com\\\/en\\\/#organization\"},\"potentialAction\":[{\"@type\":\"SearchAction\",\"target\":{\"@type\":\"EntryPoint\",\"urlTemplate\":\"https:\\\/\\\/la-logia.com\\\/en\\\/?s={search_term_string}\"},\"query-input\":{\"@type\":\"PropertyValueSpecification\",\"valueRequired\":true,\"valueName\":\"search_term_string\"}}],\"inLanguage\":\"en-US\"},{\"@type\":\"Organization\",\"@id\":\"https:\\\/\\\/la-logia.com\\\/en\\\/#organization\",\"name\":\"La Logia\",\"url\":\"https:\\\/\\\/la-logia.com\\\/en\\\/\",\"logo\":{\"@type\":\"ImageObject\",\"inLanguage\":\"en-US\",\"@id\":\"https:\\\/\\\/la-logia.com\\\/en\\\/#\\\/schema\\\/logo\\\/image\\\/\",\"url\":\"\",\"contentUrl\":\"\",\"caption\":\"La Logia\"},\"image\":{\"@id\":\"https:\\\/\\\/la-logia.com\\\/en\\\/#\\\/schema\\\/logo\\\/image\\\/\"}}]}<\/script>\n<!-- \/ Yoast SEO plugin. -->","yoast_head_json":{"title":"La Logia | Rent a Cottage for a Stay in Champagne","description":"Rent our cottages and discover the Champagne culture. Our spacious accommodations will satisfy all types of travelers.","robots":{"index":"index","follow":"follow","max-snippet":"max-snippet:-1","max-image-preview":"max-image-preview:large","max-video-preview":"max-video-preview:-1"},"canonical":"https:\/\/la-logia.com\/en\/contact\/","og_locale":"en_US","og_type":"article","og_title":"La Logia | Rent a Cottage for a Stay in Champagne","og_description":"Rent our cottages and discover the Champagne culture. Our spacious accommodations will satisfy all types of travelers.","og_url":"https:\/\/la-logia.com\/en\/contact\/","article_modified_time":"2026-04-15T12:27:10+00:00","og_image":[{"width":750,"height":1000,"url":"https:\/\/la-logia.com\/wp-content\/uploads\/2026\/03\/20260312_164829-scaled-e1774534106245.jpg","type":"image\/jpeg"}],"twitter_card":"summary_large_image","schema":{"@context":"https:\/\/schema.org","@graph":[{"@type":"WebPage","@id":"https:\/\/la-logia.com\/en\/contact\/","url":"https:\/\/la-logia.com\/en\/contact\/","name":"La Logia | Rent a Cottage for a Stay in Champagne","isPartOf":{"@id":"https:\/\/la-logia.com\/en\/#website"},"primaryImageOfPage":{"@id":"https:\/\/la-logia.com\/en\/contact\/#primaryimage"},"image":{"@id":"https:\/\/la-logia.com\/en\/contact\/#primaryimage"},"thumbnailUrl":"https:\/\/la-logia.com\/wp-content\/uploads\/2026\/03\/20260312_164829-scaled-e1774534106245.jpg","datePublished":"2023-12-13T15:37:52+00:00","dateModified":"2026-04-15T12:27:10+00:00","description":"Rent our cottages and discover the Champagne culture. Our spacious accommodations will satisfy all types of travelers.","breadcrumb":{"@id":"https:\/\/la-logia.com\/en\/contact\/#breadcrumb"},"inLanguage":"en-US","potentialAction":[{"@type":"ReadAction","target":["https:\/\/la-logia.com\/en\/contact\/"]}]},{"@type":"ImageObject","inLanguage":"en-US","@id":"https:\/\/la-logia.com\/en\/contact\/#primaryimage","url":"https:\/\/la-logia.com\/wp-content\/uploads\/2026\/03\/20260312_164829-scaled-e1774534106245.jpg","contentUrl":"https:\/\/la-logia.com\/wp-content\/uploads\/2026\/03\/20260312_164829-scaled-e1774534106245.jpg"},{"@type":"BreadcrumbList","@id":"https:\/\/la-logia.com\/en\/contact\/#breadcrumb","itemListElement":[{"@type":"ListItem","position":1,"name":"Accueil","item":"https:\/\/la-logia.com\/en\/home\/"},{"@type":"ListItem","position":2,"name":"Contact"}]},{"@type":"WebSite","@id":"https:\/\/la-logia.com\/en\/#website","url":"https:\/\/la-logia.com\/en\/","name":"La Logia","description":"","publisher":{"@id":"https:\/\/la-logia.com\/en\/#organization"},"potentialAction":[{"@type":"SearchAction","target":{"@type":"EntryPoint","urlTemplate":"https:\/\/la-logia.com\/en\/?s={search_term_string}"},"query-input":{"@type":"PropertyValueSpecification","valueRequired":true,"valueName":"search_term_string"}}],"inLanguage":"en-US"},{"@type":"Organization","@id":"https:\/\/la-logia.com\/en\/#organization","name":"La Logia","url":"https:\/\/la-logia.com\/en\/","logo":{"@type":"ImageObject","inLanguage":"en-US","@id":"https:\/\/la-logia.com\/en\/#\/schema\/logo\/image\/","url":"","contentUrl":"","caption":"La Logia"},"image":{"@id":"https:\/\/la-logia.com\/en\/#\/schema\/logo\/image\/"}}]}},"acf":[],"_links":{"self":[{"href":"https:\/\/la-logia.com\/en\/wp-json\/wp\/v2\/pages\/3123","targetHints":{"allow":["GET"]}}],"collection":[{"href":"https:\/\/la-logia.com\/en\/wp-json\/wp\/v2\/pages"}],"about":[{"href":"https:\/\/la-logia.com\/en\/wp-json\/wp\/v2\/types\/page"}],"author":[{"embeddable":true,"href":"https:\/\/la-logia.com\/en\/wp-json\/wp\/v2\/users\/6"}],"replies":[{"embeddable":true,"href":"https:\/\/la-logia.com\/en\/wp-json\/wp\/v2\/comments?post=3123"}],"version-history":[{"count":1,"href":"https:\/\/la-logia.com\/en\/wp-json\/wp\/v2\/pages\/3123\/revisions"}],"predecessor-version":[{"id":3124,"href":"https:\/\/la-logia.com\/en\/wp-json\/wp\/v2\/pages\/3123\/revisions\/3124"}],"wp:attachment":[{"href":"https:\/\/la-logia.com\/en\/wp-json\/wp\/v2\/media?parent=3123"}],"curies":[{"name":"wp","href":"https:\/\/api.w.org\/{rel}","templated":true}]}}