{"id":3165,"date":"2025-03-10T17:20:53","date_gmt":"2025-03-10T16:20:53","guid":{"rendered":"https:\/\/la-logia.com\/blog\/"},"modified":"2026-04-15T16:26:12","modified_gmt":"2026-04-15T14:26:12","slug":"blog","status":"publish","type":"page","link":"https:\/\/la-logia.com\/en\/blog\/","title":{"rendered":"Blog"},"content":{"rendered":"\t\t<div data-elementor-type=\"wp-page\" data-elementor-id=\"3165\" class=\"elementor elementor-3165 elementor-1830\">\n\t\t\t\t<div class=\"elementor-element elementor-element-162cdb8 e-flex e-con-boxed wpr-particle-no wpr-jarallax-no wpr-parallax-no wpr-sticky-section-no wpr-equal-height-no e-con e-parent\" data-id=\"162cdb8\" data-element_type=\"container\" data-e-type=\"container\" data-settings=\"{&quot;background_background&quot;:&quot;classic&quot;,&quot;shape_divider_bottom&quot;:&quot;arrow&quot;}\">\n\t\t\t\t\t<div class=\"e-con-inner\">\n\t\t\t\t<div class=\"elementor-shape elementor-shape-bottom\" aria-hidden=\"true\" data-negative=\"false\">\n\t\t\t<svg xmlns=\"http:\/\/www.w3.org\/2000\/svg\" viewBox=\"0 0 700 10\" preserveAspectRatio=\"none\">\n\t<path class=\"elementor-shape-fill\" d=\"M350,10L340,0h20L350,10z\"\/>\n<\/svg>\t\t<\/div>\n\t\t<div class=\"elementor-element elementor-element-3260828 e-con-full e-flex wpr-particle-no wpr-jarallax-no wpr-parallax-no wpr-sticky-section-no wpr-equal-height-no e-con e-child\" data-id=\"3260828\" data-element_type=\"container\" data-e-type=\"container\">\n\t\t\t\t<div class=\"elementor-element elementor-element-e690e38 elementor-invisible elementor-widget elementor-widget-heading\" data-id=\"e690e38\" data-element_type=\"widget\" data-e-type=\"widget\" data-settings=\"{&quot;_animation&quot;:&quot;fadeInUp&quot;}\" data-widget_type=\"heading.default\">\n\t\t\t\t<div class=\"elementor-widget-container\">\n\t\t\t\t\t<h2 class=\"elementor-heading-title elementor-size-default\">Blog<\/h2>\t\t\t\t<\/div>\n\t\t\t\t<\/div>\n\t\t\t\t<div class=\"elementor-element elementor-element-0014a5a animated-slow elementor-widget-divider--view-line elementor-invisible elementor-widget elementor-widget-divider\" data-id=\"0014a5a\" data-element_type=\"widget\" data-e-type=\"widget\" data-settings=\"{&quot;_animation&quot;:&quot;fadeInUp&quot;,&quot;_animation_delay&quot;:1000}\" data-widget_type=\"divider.default\">\n\t\t\t\t<div class=\"elementor-widget-container\">\n\t\t\t\t\t\t\t<div class=\"elementor-divider\">\n\t\t\t<span class=\"elementor-divider-separator\">\n\t\t\t\t\t\t<\/span>\n\t\t<\/div>\n\t\t\t\t\t\t<\/div>\n\t\t\t\t<\/div>\n\t\t\t\t<\/div>\n\t\t\t\t\t<\/div>\n\t\t\t\t<\/div>\n\t\t<div class=\"elementor-element elementor-element-995d86f e-con-full e-flex wpr-particle-no wpr-jarallax-no wpr-parallax-no wpr-sticky-section-no wpr-equal-height-no e-con e-parent\" data-id=\"995d86f\" data-element_type=\"container\" data-e-type=\"container\">\n\t\t\t\t<div class=\"elementor-element elementor-element-07ebe97 wpr-grid-columns-5 wpr-grid-columns--tablet2 wpr-grid-columns--mobile1 wpr-item-styles-inner elementor-widget elementor-widget-wpr-grid\" data-id=\"07ebe97\" data-element_type=\"widget\" data-e-type=\"widget\" data-widget_type=\"wpr-grid.default\">\n\t\t\t\t<div class=\"elementor-widget-container\">\n\t\t\t\t\t<ul class=\"wpr-grid-filters elementor-clearfix wpr-grid-filters-sep-right\"><li class=\" wpr-pointer-none wpr-pointer-line-fx wpr-pointer-fx-fade\"><span  data-filter=\"*\" class=\"wpr-grid-filters-item wpr-active-filter \"><i class=\" wpr-grid-filters-icon-left\"><\/i>All Posts<\/span><em class=\"wpr-grid-filters-sep\"><\/em><\/li><li class=\" wpr-pointer-none wpr-pointer-line-fx wpr-pointer-fx-fade\"><span   data-ajax-filter=[\"category\",\"non-classe\"]  data-filter=\".category-non-classe\"><i class=\" wpr-grid-filters-icon-left\"><\/i>Non class\u00e9<\/span><em class=\"wpr-grid-filters-sep\"><\/em><\/li><\/ul><section class=\"wpr-grid elementor-clearfix\" data-settings=\"{&quot;layout&quot;:&quot;fitRows&quot;,&quot;stick_last_element_to_bottom&quot;:&quot;&quot;,&quot;columns_desktop&quot;:&quot;5&quot;,&quot;gutter_hr&quot;:10,&quot;gutter_hr_mobile&quot;:10,&quot;gutter_hr_mobile_extra&quot;:10,&quot;gutter_hr_tablet&quot;:10,&quot;gutter_hr_tablet_extra&quot;:10,&quot;gutter_hr_laptop&quot;:10,&quot;gutter_hr_widescreen&quot;:10,&quot;gutter_vr&quot;:10,&quot;gutter_vr_mobile&quot;:10,&quot;gutter_vr_mobile_extra&quot;:10,&quot;gutter_vr_tablet&quot;:10,&quot;gutter_vr_tablet_extra&quot;:10,&quot;gutter_vr_laptop&quot;:10,&quot;gutter_vr_widescreen&quot;:10,&quot;animation&quot;:&quot;default&quot;,&quot;animation_duration&quot;:0.3,&quot;animation_delay&quot;:0.1,&quot;deeplinking&quot;:&quot;no&quot;,&quot;filters_linkable&quot;:&quot;no&quot;,&quot;filters_default_filter&quot;:&quot;&quot;,&quot;filters_count&quot;:&quot;no&quot;,&quot;filters_hide_empty&quot;:&quot;no&quot;,&quot;filters_animation&quot;:&quot;default&quot;,&quot;filters_animation_duration&quot;:0.3,&quot;filters_animation_delay&quot;:0.1,&quot;pagination_type&quot;:&quot;load-more&quot;,&quot;pagination_max_pages&quot;:1,&quot;lightbox&quot;:{&quot;selector&quot;:&quot;.wpr-grid-image-wrap&quot;,&quot;iframeMaxWidth&quot;:&quot;60%&quot;,&quot;hash&quot;:false,&quot;autoplay&quot;:&quot;true&quot;,&quot;pause&quot;:5000,&quot;progressBar&quot;:&quot;true&quot;,&quot;counter&quot;:&quot;true&quot;,&quot;controls&quot;:&quot;true&quot;,&quot;getCaptionFromTitleOrAlt&quot;:&quot;true&quot;,&quot;thumbnail&quot;:&quot;true&quot;,&quot;showThumbByDefault&quot;:&quot;true&quot;,&quot;share&quot;:&quot;true&quot;,&quot;zoom&quot;:&quot;true&quot;,&quot;fullScreen&quot;:&quot;true&quot;,&quot;download&quot;:&quot;true&quot;}}\" data-advanced-filters=\"no\"><article class=\"wpr-grid-item elementor-clearfix post-3167 post type-post status-publish format-standard has-post-thumbnail hentry category-non-classe\"><div class=\"wpr-grid-item-inner\"><div class=\"wpr-grid-media-wrap wpr-effect-size-medium \" data-overlay-link=\"yes\"><div class=\"wpr-grid-image-wrap\" data-src=\"https:\/\/la-logia.com\/wp-content\/uploads\/2026\/02\/Racine-Reims-Restaurant.webp\" data-img-on-hover=\"\"  data-src-secondary=\"\"><img decoding=\"async\" data-no-lazy=\"1\" src=\"https:\/\/la-logia.com\/wp-content\/uploads\/2026\/02\/Racine-Reims-Restaurant.webp\" alt=\"Restaurants\" class=\"wpr-anim-timing-ease-default\"><\/div><div class=\"wpr-grid-media-hover wpr-animation-wrap\"><div class=\"wpr-grid-media-hover-bg  wpr-overlay-fade-in wpr-anim-size-large wpr-anim-timing-ease-default wpr-anim-transparency\" data-url=\"https:\/\/la-logia.com\/en\/restaurants\/\"><\/div><\/div><\/div><div class=\"wpr-grid-item-below-content elementor-clearfix\"><h2 class=\"wpr-grid-item-title elementor-repeater-item-ae0e31a wpr-grid-item-display-block wpr-grid-item-align-left wpr-pointer-none wpr-pointer-line-fx wpr-pointer-fx-slide\"><div class=\"inner-block\"><a target=\"_self\"  href=\"https:\/\/la-logia.com\/en\/restaurants\/\">Restaurants<\/a><\/div><\/h2><div class=\"wpr-grid-item-excerpt elementor-repeater-item-b24482d wpr-grid-item-display-block wpr-grid-item-align-left\"><div class=\"inner-block\"><p>Reims and the Montagne de Reims boast a rich and diverse culinary scene, featuring Michelin-starred restaurants, cosy bistros and creative...<\/p><\/div><\/div><div class=\"wpr-grid-item-read-more elementor-repeater-item-b1726ea wpr-grid-item-display-block wpr-grid-item-align-center\"><div class=\"inner-block\"><a target=\"_self\" href=\"https:\/\/la-logia.com\/en\/restaurants\/\" class=\"wpr-button-effect wpr-button-none\"><span>Read More<\/span><\/a><\/div><\/div><\/div><\/div><\/article><\/section>\t\t\t\t<\/div>\n\t\t\t\t<\/div>\n\t\t\t\t<\/div>\n\t\t\t\t<\/div>\n\t\t","protected":false},"excerpt":{"rendered":"<p>Blog All Posts Non class\u00e9 Non class\u00e9 Les Restaurants Reims et la Montagne de Reims offrent une sc\u00e8ne gastronomique riche et diversifi\u00e9e, m\u00ealant \u00e9toil\u00e9s Michelin, bistrots conviviaux et tables&#8230; Read More Visites insolites \u00e0 Reims, \u00c9pernay et dans la Montagne de Reims La Champagne regorge de tr\u00e9sors cach\u00e9s qui ne demandent qu&#8217;\u00e0 \u00eatre explor\u00e9s autrement. Si les caves de champagne et les&#8230; Read More Randonn\u00e9es \u00e0 Pied dans la Montagne de Reims : Une Immersion en Pleine Nature La Montagne de Reims, situ\u00e9e entre Reims et \u00c9pernay, est un v\u00e9ritable paradis pour les randonneurs. Ce massif vallonn\u00e9, couvert&#8230; Read More Les mus\u00e9es \u00e0 visiter \u00e0 Reims et aux alentours La Champagne est une r\u00e9gion riche en histoire, en culture et en traditions. Si vous s\u00e9journez \u00e0 Reims ou \u00c9pernay,&#8230; Read More Le Phare et le Moulin de Verzenay : Symboles du Vignoble Champenois Au c\u0153ur du vignoble champenois, sur les hauteurs de Verzenay, se dressent deux monuments embl\u00e9matiques : le Phare et le&#8230; Read More Les activit\u00e9s touristiques incontournables autour de Reims et d&#8217;\u00c9pernay Reims et \u00c9pernay, au c\u0153ur de la Champagne, offrent une multitude d&#8217;activit\u00e9s touristiques pour tous les go\u00fbts. Que vous soyez&#8230; Read More Les sites touristiques incontournables autour de Reims et d&#8217;\u00c9pernay Reims et \u00c9pernay, deux villes embl\u00e9matiques de la Champagne, sont entour\u00e9es de nombreux sites touristiques qui valent le d\u00e9tour. Que&#8230; Read More Les secrets du Petit Bonhomme Les Secrets du Petit Bonhomme est un \u00e9v\u00e9nement \u0153notouristique annuel se d\u00e9roulant \u00e0 Rilly-la-Montagne, un charmant village viticole situ\u00e9 au&#8230; Read More D\u00e9couvrir les faux de Verzy Les Faux de Verzy sont une collection unique de h\u00eatres tortillards situ\u00e9s dans la for\u00eat de Verzy, \u00e0 environ 25&#8230; Read More Les 7 meilleures choses \u00e0 faire \u00e0 Reims Reims, ville embl\u00e9matique de la Champagne, regorge de lieux historiques, culturels et gastronomiques \u00e0 d\u00e9couvrir. Que vous soyez amateur de&#8230; Read More Les Routes du Champagne Pour les amoureux de paysages pittoresques, la Route du Champagne est un itin\u00e9raire incontournable. S&#8217;\u00e9tendant \u00e0 travers la Montagne de&#8230; Read More \u00c0 la d\u00e9couverte des maisons de champagne : Reims, \u00c9pernay et la Montagne de Reims La r\u00e9gion champenoise est une destination incontournable pour les amateurs de vin et de patrimoine. Entre caves historiques, paysages de&#8230; Read More Les F\u00eates Johanniques \u00e0 Reims : un voyage au temps de Jeanne d\u2019Arc Chaque ann\u00e9e, la ville de Reims c\u00e9l\u00e8bre son histoire \u00e0 travers les F\u00eates Johanniques, un \u00e9v\u00e9nement festif et historique rendant&#8230; Read More Bulle en Bouche \u00e0 Sacy : une f\u00eate p\u00e9tillante au c\u0153ur du vignoble champenois Chaque ann\u00e9e, le village de Sacy accueille un \u00e9v\u00e9nement aussi convivial que gourmand : Bulle en Bouche. Cette manifestation met&#8230; Read More Le march\u00e9 de No\u00ebl de Reims : une f\u00e9erie hivernale au c\u0153ur de la Champagne Chaque ann\u00e9e, \u00e0 l\u2019approche des f\u00eates, la ville de Reims se transforme en un v\u00e9ritable village enchant\u00e9 avec son c\u00e9l\u00e8bre&#8230; Read More Les Habits de Lumi\u00e8re \u00e0 \u00c9pernay : une c\u00e9l\u00e9bration \u00e9tincelante du champagne Chaque ann\u00e9e en d\u00e9cembre, la ville d\u2019\u00c9pernay se transforme en un v\u00e9ritable th\u00e9\u00e2tre \u00e0 ciel ouvert \u00e0 l\u2019occasion des Habits&#8230; Read More R\u00e9galia Reims : quand l\u2019histoire s\u2019illumine Du Vendredi 29 mai au dimanche 20 septembre 2026 Chaque ann\u00e9e, la ville de Reims propose un spectacle nocturne devenu&#8230; Read More<\/p>\n","protected":false},"author":6,"featured_media":0,"parent":0,"menu_order":0,"comment_status":"closed","ping_status":"closed","template":"","meta":{"footnotes":""},"class_list":["post-3165","page","type-page","status-publish","hentry"],"yoast_head":"<!-- This site is optimized with the Yoast SEO plugin v27.4 - https:\/\/yoast.com\/product\/yoast-seo-wordpress\/ -->\n<title>La Logia | Our recommendations for discovering Champagne<\/title>\n<meta name=\"description\" content=\"Discover the Champagne region through its restaurants, scenic views, and walks... Recommended by La Logia&#039;s hosts.\" \/>\n<meta name=\"robots\" content=\"index, follow, max-snippet:-1, max-image-preview:large, max-video-preview:-1\" \/>\n<link rel=\"canonical\" href=\"https:\/\/la-logia.com\/en\/blog\/\" \/>\n<meta property=\"og:locale\" content=\"en_US\" \/>\n<meta property=\"og:type\" content=\"article\" \/>\n<meta property=\"og:title\" content=\"La Logia | Our recommendations for discovering Champagne\" \/>\n<meta property=\"og:description\" content=\"Discover the Champagne region through its restaurants, scenic views, and walks... Recommended by La Logia&#039;s hosts.\" \/>\n<meta property=\"og:url\" content=\"https:\/\/la-logia.com\/en\/blog\/\" \/>\n<meta property=\"article:modified_time\" content=\"2026-04-15T14:26:12+00:00\" \/>\n<meta property=\"og:image\" content=\"https:\/\/la-logia.com\/wp-content\/uploads\/2026\/02\/Racine-Reims-Restaurant.webp\" \/>\n<meta name=\"twitter:card\" content=\"summary_large_image\" \/>\n<meta name=\"twitter:label1\" content=\"Est. reading time\" \/>\n\t<meta name=\"twitter:data1\" content=\"3 minutes\" \/>\n<script type=\"application\/ld+json\" class=\"yoast-schema-graph\">{\"@context\":\"https:\\\/\\\/schema.org\",\"@graph\":[{\"@type\":\"WebPage\",\"@id\":\"https:\\\/\\\/la-logia.com\\\/en\\\/blog\\\/\",\"url\":\"https:\\\/\\\/la-logia.com\\\/en\\\/blog\\\/\",\"name\":\"La Logia | Our recommendations for discovering Champagne\",\"isPartOf\":{\"@id\":\"https:\\\/\\\/la-logia.com\\\/en\\\/#website\"},\"primaryImageOfPage\":{\"@id\":\"https:\\\/\\\/la-logia.com\\\/en\\\/blog\\\/#primaryimage\"},\"image\":{\"@id\":\"https:\\\/\\\/la-logia.com\\\/en\\\/blog\\\/#primaryimage\"},\"thumbnailUrl\":\"https:\\\/\\\/la-logia.com\\\/wp-content\\\/uploads\\\/2026\\\/02\\\/Racine-Reims-Restaurant.webp\",\"datePublished\":\"2025-03-10T16:20:53+00:00\",\"dateModified\":\"2026-04-15T14:26:12+00:00\",\"description\":\"Discover the Champagne region through its restaurants, scenic views, and walks... Recommended by La Logia's hosts.\",\"breadcrumb\":{\"@id\":\"https:\\\/\\\/la-logia.com\\\/en\\\/blog\\\/#breadcrumb\"},\"inLanguage\":\"en-US\",\"potentialAction\":[{\"@type\":\"ReadAction\",\"target\":[\"https:\\\/\\\/la-logia.com\\\/en\\\/blog\\\/\"]}]},{\"@type\":\"ImageObject\",\"inLanguage\":\"en-US\",\"@id\":\"https:\\\/\\\/la-logia.com\\\/en\\\/blog\\\/#primaryimage\",\"url\":\"https:\\\/\\\/la-logia.com\\\/wp-content\\\/uploads\\\/2026\\\/02\\\/Racine-Reims-Restaurant.webp\",\"contentUrl\":\"https:\\\/\\\/la-logia.com\\\/wp-content\\\/uploads\\\/2026\\\/02\\\/Racine-Reims-Restaurant.webp\"},{\"@type\":\"BreadcrumbList\",\"@id\":\"https:\\\/\\\/la-logia.com\\\/en\\\/blog\\\/#breadcrumb\",\"itemListElement\":[{\"@type\":\"ListItem\",\"position\":1,\"name\":\"Accueil\",\"item\":\"https:\\\/\\\/la-logia.com\\\/en\\\/home\\\/\"},{\"@type\":\"ListItem\",\"position\":2,\"name\":\"Blog\"}]},{\"@type\":\"WebSite\",\"@id\":\"https:\\\/\\\/la-logia.com\\\/en\\\/#website\",\"url\":\"https:\\\/\\\/la-logia.com\\\/en\\\/\",\"name\":\"La Logia\",\"description\":\"\",\"publisher\":{\"@id\":\"https:\\\/\\\/la-logia.com\\\/en\\\/#organization\"},\"potentialAction\":[{\"@type\":\"SearchAction\",\"target\":{\"@type\":\"EntryPoint\",\"urlTemplate\":\"https:\\\/\\\/la-logia.com\\\/en\\\/?s={search_term_string}\"},\"query-input\":{\"@type\":\"PropertyValueSpecification\",\"valueRequired\":true,\"valueName\":\"search_term_string\"}}],\"inLanguage\":\"en-US\"},{\"@type\":\"Organization\",\"@id\":\"https:\\\/\\\/la-logia.com\\\/en\\\/#organization\",\"name\":\"La Logia\",\"url\":\"https:\\\/\\\/la-logia.com\\\/en\\\/\",\"logo\":{\"@type\":\"ImageObject\",\"inLanguage\":\"en-US\",\"@id\":\"https:\\\/\\\/la-logia.com\\\/en\\\/#\\\/schema\\\/logo\\\/image\\\/\",\"url\":\"https:\\\/\\\/la-logia.com\\\/wp-content\\\/uploads\\\/2023\\\/12\\\/cropped-cropped-la-logia-logo-1.png\",\"contentUrl\":\"https:\\\/\\\/la-logia.com\\\/wp-content\\\/uploads\\\/2023\\\/12\\\/cropped-cropped-la-logia-logo-1.png\",\"width\":3230,\"height\":1111,\"caption\":\"La Logia\"},\"image\":{\"@id\":\"https:\\\/\\\/la-logia.com\\\/en\\\/#\\\/schema\\\/logo\\\/image\\\/\"}}]}<\/script>\n<!-- \/ Yoast SEO plugin. -->","yoast_head_json":{"title":"La Logia | Our recommendations for discovering Champagne","description":"Discover the Champagne region through its restaurants, scenic views, and walks... Recommended by La Logia's hosts.","robots":{"index":"index","follow":"follow","max-snippet":"max-snippet:-1","max-image-preview":"max-image-preview:large","max-video-preview":"max-video-preview:-1"},"canonical":"https:\/\/la-logia.com\/en\/blog\/","og_locale":"en_US","og_type":"article","og_title":"La Logia | Our recommendations for discovering Champagne","og_description":"Discover the Champagne region through its restaurants, scenic views, and walks... Recommended by La Logia's hosts.","og_url":"https:\/\/la-logia.com\/en\/blog\/","article_modified_time":"2026-04-15T14:26:12+00:00","og_image":[{"url":"https:\/\/la-logia.com\/wp-content\/uploads\/2026\/02\/Racine-Reims-Restaurant.webp","type":"","width":"","height":""}],"twitter_card":"summary_large_image","twitter_misc":{"Est. reading time":"3 minutes"},"schema":{"@context":"https:\/\/schema.org","@graph":[{"@type":"WebPage","@id":"https:\/\/la-logia.com\/en\/blog\/","url":"https:\/\/la-logia.com\/en\/blog\/","name":"La Logia | Our recommendations for discovering Champagne","isPartOf":{"@id":"https:\/\/la-logia.com\/en\/#website"},"primaryImageOfPage":{"@id":"https:\/\/la-logia.com\/en\/blog\/#primaryimage"},"image":{"@id":"https:\/\/la-logia.com\/en\/blog\/#primaryimage"},"thumbnailUrl":"https:\/\/la-logia.com\/wp-content\/uploads\/2026\/02\/Racine-Reims-Restaurant.webp","datePublished":"2025-03-10T16:20:53+00:00","dateModified":"2026-04-15T14:26:12+00:00","description":"Discover the Champagne region through its restaurants, scenic views, and walks... Recommended by La Logia's hosts.","breadcrumb":{"@id":"https:\/\/la-logia.com\/en\/blog\/#breadcrumb"},"inLanguage":"en-US","potentialAction":[{"@type":"ReadAction","target":["https:\/\/la-logia.com\/en\/blog\/"]}]},{"@type":"ImageObject","inLanguage":"en-US","@id":"https:\/\/la-logia.com\/en\/blog\/#primaryimage","url":"https:\/\/la-logia.com\/wp-content\/uploads\/2026\/02\/Racine-Reims-Restaurant.webp","contentUrl":"https:\/\/la-logia.com\/wp-content\/uploads\/2026\/02\/Racine-Reims-Restaurant.webp"},{"@type":"BreadcrumbList","@id":"https:\/\/la-logia.com\/en\/blog\/#breadcrumb","itemListElement":[{"@type":"ListItem","position":1,"name":"Accueil","item":"https:\/\/la-logia.com\/en\/home\/"},{"@type":"ListItem","position":2,"name":"Blog"}]},{"@type":"WebSite","@id":"https:\/\/la-logia.com\/en\/#website","url":"https:\/\/la-logia.com\/en\/","name":"La Logia","description":"","publisher":{"@id":"https:\/\/la-logia.com\/en\/#organization"},"potentialAction":[{"@type":"SearchAction","target":{"@type":"EntryPoint","urlTemplate":"https:\/\/la-logia.com\/en\/?s={search_term_string}"},"query-input":{"@type":"PropertyValueSpecification","valueRequired":true,"valueName":"search_term_string"}}],"inLanguage":"en-US"},{"@type":"Organization","@id":"https:\/\/la-logia.com\/en\/#organization","name":"La Logia","url":"https:\/\/la-logia.com\/en\/","logo":{"@type":"ImageObject","inLanguage":"en-US","@id":"https:\/\/la-logia.com\/en\/#\/schema\/logo\/image\/","url":"https:\/\/la-logia.com\/wp-content\/uploads\/2023\/12\/cropped-cropped-la-logia-logo-1.png","contentUrl":"https:\/\/la-logia.com\/wp-content\/uploads\/2023\/12\/cropped-cropped-la-logia-logo-1.png","width":3230,"height":1111,"caption":"La Logia"},"image":{"@id":"https:\/\/la-logia.com\/en\/#\/schema\/logo\/image\/"}}]}},"acf":[],"_links":{"self":[{"href":"https:\/\/la-logia.com\/en\/wp-json\/wp\/v2\/pages\/3165","targetHints":{"allow":["GET"]}}],"collection":[{"href":"https:\/\/la-logia.com\/en\/wp-json\/wp\/v2\/pages"}],"about":[{"href":"https:\/\/la-logia.com\/en\/wp-json\/wp\/v2\/types\/page"}],"author":[{"embeddable":true,"href":"https:\/\/la-logia.com\/en\/wp-json\/wp\/v2\/users\/6"}],"replies":[{"embeddable":true,"href":"https:\/\/la-logia.com\/en\/wp-json\/wp\/v2\/comments?post=3165"}],"version-history":[{"count":1,"href":"https:\/\/la-logia.com\/en\/wp-json\/wp\/v2\/pages\/3165\/revisions"}],"predecessor-version":[{"id":3166,"href":"https:\/\/la-logia.com\/en\/wp-json\/wp\/v2\/pages\/3165\/revisions\/3166"}],"wp:attachment":[{"href":"https:\/\/la-logia.com\/en\/wp-json\/wp\/v2\/media?parent=3165"}],"curies":[{"name":"wp","href":"https:\/\/api.w.org\/{rel}","templated":true}]}}